{"id":387,"date":"2025-02-25T06:07:14","date_gmt":"2025-02-24T23:07:14","guid":{"rendered":"https:\/\/ausun.vn\/?page_id=387"},"modified":"2025-02-25T06:07:15","modified_gmt":"2025-02-24T23:07:15","slug":"doi-tac-cu","status":"publish","type":"page","link":"https:\/\/ausun.vn\/?page_id=387","title":{"rendered":"\u0110\u1ed1i t\u00e1c c\u0169"},"content":{"rendered":"\n<div class=\"wp-block-group alignwide is-content-justification-center\" style=\"margin-top:0px;margin-bottom:0px;padding-top:64px;padding-bottom:64px\"><div class=\"wp-block-group__inner-container is-layout-constrained wp-block-group-is-layout-constrained\">\n<div class=\"wp-block-group is-content-justification-left\" style=\"border-radius:5px\"><div class=\"wp-block-group__inner-container is-layout-constrained wp-container-core-group-is-layout-1 wp-block-group-is-layout-constrained\">\n<h2 class=\"wp-block-heading has-text-align-center\">D\u1ef0 \u00c1N C\u1ee6A CH\u00daNG T\u00d4I<\/h2>\n<\/div><\/div>\n\n\n\n<div style=\"height:34px\" aria-hidden=\"true\" class=\"wp-block-spacer\"><\/div>\n\n\n\n<div class=\"wp-block-group\"><div class=\"wp-block-group__inner-container is-layout-constrained wp-block-group-is-layout-constrained\"><ul class=\"wp-block-latest-posts__list is-grid columns-3 aligncenter .wp-block-latest-posts.wp-block-latest-posts__list{   list-style:none;   text-align: center !important; } wp-block-latest-posts\"><li><a class=\"wp-block-latest-posts__post-title\" href=\"https:\/\/ausun.vn\/?p=1717\">Ausun Holding<\/a><div class=\"wp-block-latest-posts__post-excerpt\">Ausun Holding https:\/\/www.AusunHoldingVinhPhuc.com\/us\/index.html 15 P. H\u00e0 K\u1ebf T\u1ea5n, Ph\u01b0\u01a1ng Li\u1ec7t, Thanh Xu\u00e2n, H\u00e0 N\u1ed9i, Vietnam Gi\u1edbi thi\u1ec7u chung S\u1ea3n ph\u1ea9m d\u1ecbch v\u1ee5 Th\u01b0 vi\u1ec7n \u1ea3nh H\u1ed3 s\u01a1 \u0111\u1ed1i t\u00e1c Tuy\u1ec3n d\u1ee5ng Ausun Holding l\u00e0 m\u1ed9t trong nh\u1eefng doanh nghi\u1ec7p ti\u00ean phong trong l\u0129nh v\u1ef1c b\u1ea5t \u0111\u1ed9ng s\u1ea3n v\u00e0 ph\u00e1t tri\u1ec3n\u2026 <a class=\"wp-block-latest-posts__read-more\" href=\"https:\/\/ausun.vn\/?p=1717\" rel=\"noopener noreferrer\">\u0110\u1ecdc th\u00eam<span class=\"screen-reader-text\">: Ausun Holding <\/span><\/a><\/div><\/li>\n<li><div class=\"wp-block-latest-posts__featured-image aligncenter\"><img loading=\"lazy\" decoding=\"async\" width=\"150\" height=\"150\" src=\"https:\/\/ausun.vn\/wp-content\/uploads\/2025\/02\/1ae27fbf941e5ddb1cafbf38231171c4-150x150.png\" class=\"attachment-thumbnail size-thumbnail wp-post-image\" alt=\"\" style=\"max-width:150px;max-height:150px;\" srcset=\"https:\/\/ausun.vn\/wp-content\/uploads\/2025\/02\/1ae27fbf941e5ddb1cafbf38231171c4-150x150.png 150w, https:\/\/ausun.vn\/wp-content\/uploads\/2025\/02\/1ae27fbf941e5ddb1cafbf38231171c4-300x300.png 300w, https:\/\/ausun.vn\/wp-content\/uploads\/2025\/02\/1ae27fbf941e5ddb1cafbf38231171c4-768x768.png 768w, https:\/\/ausun.vn\/wp-content\/uploads\/2025\/02\/1ae27fbf941e5ddb1cafbf38231171c4.png 901w\" sizes=\"auto, (max-width: 150px) 100vw, 150px\" \/><\/div><a class=\"wp-block-latest-posts__post-title\" href=\"https:\/\/ausun.vn\/?p=161\">Fidy ,.JSC<\/a><div class=\"wp-block-latest-posts__post-excerpt\">C\u00f4ng ty CP Chuy\u1ec3n \u0111\u1ed5i s\u1ed1 Fidy 1000 \u0110\u1ed1i t\u00e1c 10000 \u0110\u1ecba ch\u1ec9 s\u1ed1 1.000.000 Users T\u00ednh n\u0103ng \u1ee9ng d\u1ee5ng V\u1edbi nhi\u1ec1u t\u00ednh n\u0103ng n\u1ed5i b\u1eadt H\u00ccNH \u1ea2NH \u00dd KI\u1ebeN KH\u00c1CH H\u00c0NG<\/div><\/li>\n<li><div class=\"wp-block-latest-posts__featured-image aligncenter\"><img loading=\"lazy\" decoding=\"async\" width=\"150\" height=\"150\" src=\"https:\/\/ausun.vn\/wp-content\/uploads\/2025\/02\/f991639cfb54ad764ec7931d629c980b-150x150.png\" class=\"attachment-thumbnail size-thumbnail wp-post-image\" alt=\"\" style=\"max-width:150px;max-height:150px;\" srcset=\"https:\/\/ausun.vn\/wp-content\/uploads\/2025\/02\/f991639cfb54ad764ec7931d629c980b-150x150.png 150w, https:\/\/ausun.vn\/wp-content\/uploads\/2025\/02\/f991639cfb54ad764ec7931d629c980b-300x300.png 300w, https:\/\/ausun.vn\/wp-content\/uploads\/2025\/02\/f991639cfb54ad764ec7931d629c980b-768x768.png 768w, https:\/\/ausun.vn\/wp-content\/uploads\/2025\/02\/f991639cfb54ad764ec7931d629c980b.png 901w\" sizes=\"auto, (max-width: 150px) 100vw, 150px\" \/><\/div><a class=\"wp-block-latest-posts__post-title\" href=\"https:\/\/ausun.vn\/?p=158\">Fall in Idea &#8211; Say m\u00ea \u00fd t\u01b0\u1edfng<\/a><div class=\"wp-block-latest-posts__post-excerpt\">Fini.vn: N\u1ec1n t\u1ea3ng k\u1ebft n\u1ed1i nh\u1eefng \u00fd t\u01b0\u1edfng v\u1edbi ngu\u1ed3n l\u1ef1c ph\u00f9 h\u1ee3p \u0111\u1ec3 hi\u1ec7n th\u1ef1c h\u00f3a \u00fd t\u01b0\u1edfng T\u00f4i l\u00e0\u00a0Ti\u1ebfn Ph\u1ea1m, ng\u01b0\u1eddi s\u00e1ng l\u1eadp n\u1ec1n t\u1ea3ng\u00a0Fini\u00a0&#8211;\u00a0Fall In Idea. T\u00f4i t\u1eebng l\u00e0 m\u1ed9t sinh vi\u00ean c\u1ee7a \u0110\u1ea1i h\u1ecdc FPT, ng\u00f4i tr\u01b0\u1eddng n\u1ed5i ti\u1ebfng v\u1edbi slogan\u00a0&#8220;Dream of Innovation&#8221;. Ch\u00ednh tinh th\u1ea7n\u2026 <a class=\"wp-block-latest-posts__read-more\" href=\"https:\/\/ausun.vn\/?p=158\" rel=\"noopener noreferrer\">\u0110\u1ecdc th\u00eam<span class=\"screen-reader-text\">: Fall in Idea &#8211; Say m\u00ea \u00fd t\u01b0\u1edfng <\/span><\/a><\/div><\/li>\n<li><div class=\"wp-block-latest-posts__featured-image aligncenter\"><img loading=\"lazy\" decoding=\"async\" width=\"150\" height=\"150\" src=\"https:\/\/ausun.vn\/wp-content\/uploads\/2025\/02\/eeefcf071088bb7c84aacc0eb601ffbc-150x150.png\" class=\"attachment-thumbnail size-thumbnail wp-post-image\" alt=\"\" style=\"max-width:150px;max-height:150px;\" srcset=\"https:\/\/ausun.vn\/wp-content\/uploads\/2025\/02\/eeefcf071088bb7c84aacc0eb601ffbc-150x150.png 150w, https:\/\/ausun.vn\/wp-content\/uploads\/2025\/02\/eeefcf071088bb7c84aacc0eb601ffbc-300x300.png 300w, https:\/\/ausun.vn\/wp-content\/uploads\/2025\/02\/eeefcf071088bb7c84aacc0eb601ffbc-768x768.png 768w, https:\/\/ausun.vn\/wp-content\/uploads\/2025\/02\/eeefcf071088bb7c84aacc0eb601ffbc.png 901w\" sizes=\"auto, (max-width: 150px) 100vw, 150px\" \/><\/div><a class=\"wp-block-latest-posts__post-title\" href=\"https:\/\/ausun.vn\/?p=155\">ATASTEK .,JSC<\/a><div class=\"wp-block-latest-posts__post-excerpt\">C\u00d4NG TY CP C\u00d4NG NGH\u1ec6 ATASTEK 10 D\u1ef1 \u00e1n tri\u1ec3n khai 100 Th\u00e0nh vi\u00ean 10000 L\u01b0\u1ee3t t\u1ea3i T\u00ednh n\u0103ng \u1ee9ng d\u1ee5ng M\u00c0N H\u00ccNH \u1ee8NG D\u1ee4NG C\u00e1c s\u1ea3n ph\u1ea9m c\u1ee7a AusunHolding lu\u00f4n ch\u00fa tr\u1ecdng \u0111\u1ebfn s\u1ef1 t\u1ed1i gi\u1ea3n nh\u01b0ng v\u1eabn \u0111\u1ea3m b\u1ea3o c\u00e1c t\u00ednh n\u0103ng. K\u1ebft qu\u1ea3 c\u1ee7a s\u1ea3n ph\u1ea9m lu\u00f4n\u2026 <a class=\"wp-block-latest-posts__read-more\" href=\"https:\/\/ausun.vn\/?p=155\" rel=\"noopener noreferrer\">\u0110\u1ecdc th\u00eam<span class=\"screen-reader-text\">: ATASTEK .,JSC <\/span><\/a><\/div><\/li>\n<li><div class=\"wp-block-latest-posts__featured-image aligncenter\"><img loading=\"lazy\" decoding=\"async\" width=\"150\" height=\"150\" src=\"https:\/\/ausun.vn\/wp-content\/uploads\/2025\/02\/51e6f4ca964aa6ec6bd7164cff9e0ef5-150x150.png\" class=\"attachment-thumbnail size-thumbnail wp-post-image\" alt=\"\" style=\"max-width:150px;max-height:150px;\" srcset=\"https:\/\/ausun.vn\/wp-content\/uploads\/2025\/02\/51e6f4ca964aa6ec6bd7164cff9e0ef5-150x150.png 150w, https:\/\/ausun.vn\/wp-content\/uploads\/2025\/02\/51e6f4ca964aa6ec6bd7164cff9e0ef5-300x300.png 300w, https:\/\/ausun.vn\/wp-content\/uploads\/2025\/02\/51e6f4ca964aa6ec6bd7164cff9e0ef5-768x768.png 768w, https:\/\/ausun.vn\/wp-content\/uploads\/2025\/02\/51e6f4ca964aa6ec6bd7164cff9e0ef5.png 901w\" sizes=\"auto, (max-width: 150px) 100vw, 150px\" \/><\/div><a class=\"wp-block-latest-posts__post-title\" href=\"https:\/\/ausun.vn\/?p=152\">ANISTA<\/a><div class=\"wp-block-latest-posts__post-excerpt\">Gi\u1edbi thi\u1ec7u v\u1ec1 Anista: Anista l\u00e0 m\u1ed9t th\u01b0\u01a1ng hi\u1ec7u c\u00f3 doanh s\u1ed1 \u0111\u1ee9ng \u0111\u1ea7u v\u1edbi c\u00e1c th\u01b0\u01a1ng hi\u1ec7u MLB, ADLV t\u1ea1i Vi\u1ec7t Nam trong vi\u1ec7c cung c\u1ea5p s\u1ea3n ph\u1ea9m t\u1edbi c\u00e1c c\u1ed9ng t\u00e1c vi\u00ean. 1000 C\u1ed9ng t\u00e1c vi\u00ean 1000 Ng\u01b0\u1eddi d\u00f9ng 1000 L\u01b0\u1ee3t t\u1ea3i T\u00ednh n\u0103ng \u1ee9ng d\u1ee5ng V\u1edbi nhi\u1ec1u\u2026 <a class=\"wp-block-latest-posts__read-more\" href=\"https:\/\/ausun.vn\/?p=152\" rel=\"noopener noreferrer\">\u0110\u1ecdc th\u00eam<span class=\"screen-reader-text\">: ANISTA <\/span><\/a><\/div><\/li>\n<li><div class=\"wp-block-latest-posts__featured-image aligncenter\"><img loading=\"lazy\" decoding=\"async\" width=\"150\" height=\"150\" src=\"https:\/\/ausun.vn\/wp-content\/uploads\/2025\/02\/ff1af59e8619269f6f81aae375c9f96d-150x150.png\" class=\"attachment-thumbnail size-thumbnail wp-post-image\" alt=\"\" style=\"max-width:150px;max-height:150px;\" srcset=\"https:\/\/ausun.vn\/wp-content\/uploads\/2025\/02\/ff1af59e8619269f6f81aae375c9f96d-150x150.png 150w, https:\/\/ausun.vn\/wp-content\/uploads\/2025\/02\/ff1af59e8619269f6f81aae375c9f96d-300x300.png 300w, https:\/\/ausun.vn\/wp-content\/uploads\/2025\/02\/ff1af59e8619269f6f81aae375c9f96d-768x768.png 768w, https:\/\/ausun.vn\/wp-content\/uploads\/2025\/02\/ff1af59e8619269f6f81aae375c9f96d.png 901w\" sizes=\"auto, (max-width: 150px) 100vw, 150px\" \/><\/div><a class=\"wp-block-latest-posts__post-title\" href=\"https:\/\/ausun.vn\/?p=149\">Aufresh.vn<\/a><div class=\"wp-block-latest-posts__post-excerpt\">Aufresh : \u0110\u1ed1i T\u00e1c Chi\u1ebfn L\u01b0\u1ee3c Cho M\u1ecdi Nh\u00e0 H\u00e0ng K\u00ednh g\u1eedi c\u00e1c Ch\u1ee7 nh\u00e0 h\u00e0ng v\u00e0 Qu\u00fd \u0111\u1ed1i t\u00e1c, Trong m\u1ed9t th\u1ecb tr\u01b0\u1eddng th\u1ef1c ph\u1ea9m \u0111\u1ea7y bi\u1ebfn \u0111\u1ed9ng, vi\u1ec7c t\u00ecm ki\u1ebfm m\u1ed9t gi\u1ea3i ph\u00e1p to\u00e0n di\u1ec7n \u0111\u1ec3 qu\u1ea3n l\u00fd ngu\u1ed3n cung, t\u1ed1i \u01b0u chi ph\u00ed v\u00e0 n\u00e2ng cao tr\u1ea3i\u2026 <a class=\"wp-block-latest-posts__read-more\" href=\"https:\/\/ausun.vn\/?p=149\" rel=\"noopener noreferrer\">\u0110\u1ecdc th\u00eam<span class=\"screen-reader-text\">: Aufresh.vn <\/span><\/a><\/div><\/li>\n<\/ul><\/div><\/div>\n<\/div><\/div>\n\n\n\n<div style=\"height:49px\" aria-hidden=\"true\" class=\"wp-block-spacer\"><\/div>\n\n\n\n<div class=\"wp-block-columns alignfull has-white-color has-black-background-color has-text-color has-background has-link-color wp-elements-9cef386ddcee98725ee6a3103661b36a is-layout-flex wp-container-core-columns-is-layout-7 wp-block-columns-is-layout-flex\">\n<div class=\"wp-block-column is-layout-flow wp-block-column-is-layout-flow\">\n<div class=\"wp-block-columns container is-layout-flex wp-container-core-columns-is-layout-1 wp-block-columns-is-layout-flex\">\n<div class=\"wp-block-column is-vertically-aligned-center is-layout-flow wp-block-column-is-layout-flow\" style=\"flex-basis:30%\">\n<figure class=\"wp-block-image size-full\"><img loading=\"lazy\" decoding=\"async\" width=\"180\" height=\"58\" src=\"https:\/\/ausun.vn\/wp-content\/uploads\/2024\/08\/logo-footer.png\" alt=\"\" class=\"wp-image-63\"\/><\/figure>\n\n\n\n<p style=\"font-size:20px\"><strong>C\u00f4ng ty TNHH Ausun Holding<\/strong><\/p>\n<\/div>\n\n\n\n<div class=\"wp-block-column is-vertically-aligned-center is-layout-flow wp-block-column-is-layout-flow\" style=\"flex-basis:40%\">\n<p class=\"has-text-color has-link-color wp-elements-f4185653829d69af657a3d1bd3110975\" style=\"color:#ff9f09;font-size:25px\"><strong>\u0110\u0103ng k\u00fd ngay!<\/strong><\/p>\n\n\n\n<p class=\"has-text-color has-link-color wp-elements-f148edbff7a2ad819fcc2e3aa3345fc5\" style=\"color:#ffffff80;font-size:15px\">\u0110\u1ec3 l\u1ea1i Email \u0111\u1ec3 nh\u1eadn th\u00f4ng tin m\u1edbi nh\u1ea5t t\u1eeb Ausun Holding<\/p>\n<\/div>\n\n\n\n<div class=\"wp-block-column is-vertically-aligned-center is-layout-flow wp-block-column-is-layout-flow\" style=\"flex-basis:30%\">\n<div style=\"display:grid;grid-template-columns: 1fr 0.1fr; \">\n    <div style=\"display: flex;align-items: center;border-radius: 24px;padding: 8px 12px;margin-top: 14px;margin-right: 8px;height: 50px;background: white;box-shadow: 0px 4px 6px rgba(0, 0, 0, 0.1);\">\n        <svg xmlns=\"http:\/\/www.w3.org\/2000\/svg\" width=\"20\" height=\"20\" viewBox=\"0 0 24 24\" fill=\"none\" stroke=\"gray\" stroke-width=\"2\" stroke-linecap=\"round\" stroke-linejoin=\"round\" style=\"margin-right: 8px;\">\n            <path d=\"M4 4h16c1.1 0 2 .9 2 2v12c0 1.1-.9 2-2 2H4c-1.1 0-2-.9-2-2V6c0-1.1.9-2 2-2z\"><\/path>\n            <polyline points=\"22,6 12,13 2,6\"><\/polyline>\n        <\/svg>\n        <input type=\"email\" placeholder=\"Email\" style=\"border: none; outline: none; font-size: 16px; background: transparent; width: 200px;padding-top:14px\">\n    <\/div>\n    <button type=\"submit\" style=\"background-color: #FF9F09;border-radius: 50%;text-align: center;\">\n        <svg width=\"24\" height=\"24\n    \" viewBox=\"0 0 18 10\" fill=\"none\" xmlns=\"http:\/\/www.w3.org\/2000\/svg\">\n            <path d=\"M14.5 7.18994L17.2071 6.48283L17.9142 7.18994L17.2071 7.89705L16.5 7.18994ZM1.5 8.18994C0.947715 8.18994 0.5 7.74223 0.5 7.18994C0.5 6.63766 0.947715 6.18994 1.5 6.18994V8.18994ZM11.2071 0.482835L17.2071 6.48283L15.7929 7.89705L9.79289 1.89705L11.2071 0.482835ZM17.2071 7.89705L11.2071 13.897L9.79289 12.4828L15.7929 6.48283L17.2071 7.89705ZM16.5 8.18994H1.5V6.18994H16.5V8.18994Z\" fill=\"white\"><\/path>\n        <\/svg>\n    <\/button>\n<\/div>\n<\/div>\n<\/div>\n\n\n\n<div style=\"height:27px;;margin:auto;border-top:1px solid #fff\" aria-hidden=\"true\" class=\"wp-block-spacer container\"><\/div>\n\n\n\n<div class=\"wp-block-columns container is-layout-flex wp-container-core-columns-is-layout-2 wp-block-columns-is-layout-flex\">\n<div class=\"wp-block-column is-layout-flow wp-block-column-is-layout-flow\" style=\"flex-basis:35%\">\n<p style=\"font-size:18px\"><strong>Li\u00ean h\u1ec7<\/strong><\/p>\n\n\n\n<p style=\"font-size:15px\"><strong>V\u0103n Ph\u00f2ng: <\/strong>15 P. H\u00e0 K\u1ebf T\u1ea5n, Ph\u01b0\u01a1ng Li\u1ec7t, Thanh Xu\u00e2n, H\u00e0 N\u1ed9i<\/p>\n\n\n\n<p><strong>Tr\u1ee5 s\u1edf: <\/strong>43\/67 Ch\u00f9a B\u1ed9c, Kh\u01b0\u01a1ng Th\u01b0\u1ee3ng, \u0110\u1ed1ng \u0110a, H\u00e0 N\u1ed9i<\/p>\n\n\n\n<p style=\"font-size:15px\"><strong>Email: <\/strong><a href=\"mailto:ausunholding@gmail.com\">admin<\/a><a href=\"mailto:ausunholding@gmail.com\">@<\/a>ausun.vn<\/p>\n\n\n\n<p style=\"font-size:15px\"><strong>\u0110i\u1ec7n tho\u1ea1i: <\/strong>0917151357<\/p>\n\n\n\n<p style=\"font-size:15px\"><strong>M\u00e3 s\u1ed1 thu\u1ebf:<\/strong> 0109671895<\/p>\n<\/div>\n\n\n\n<div class=\"wp-block-column is-layout-flow wp-block-column-is-layout-flow\" style=\"flex-basis:20%\">\n<p style=\"font-size:18px\"><strong>Ausun Holding<\/strong><\/p>\n\n\n\n<p style=\"font-size:15px\">V\u1ec1 ch\u00fang t\u00f4i<\/p>\n\n\n\n<p style=\"font-size:15px\">\u0110\u1ed9i ng\u0169<\/p>\n\n\n\n<p style=\"font-size:15px\">\u0110\u1ed1i t\u00e1c<\/p>\n\n\n\n<p style=\"font-size:15px\">Tuy\u1ec3n d\u1ee5ng<\/p>\n\n\n\n<p style=\"font-size:15px\">Tin t\u1ee9c<\/p>\n<\/div>\n\n\n\n<div class=\"wp-block-column is-layout-flow wp-block-column-is-layout-flow\" style=\"flex-basis:20%\">\n<p style=\"font-size:18px\"><strong>H\u1ed7 tr\u1ee3<\/strong><\/p>\n\n\n\n<p style=\"font-size:15px\">Li\u00ean h\u1ec7<\/p>\n\n\n\n<p style=\"font-size:15px\">Gi\u00fap \u0111\u1ee1 v\u00e0 h\u1ed7 tr\u1ee3<\/p>\n\n\n\n<p style=\"font-size:15px\">D\u00e0nh cho \u0111\u1ed1i t\u00e1c<\/p>\n\n\n\n<p style=\"font-size:15px\">C\u00e1c c\u00e2u h\u1ecfi th\u01b0\u1eddng g\u1eb7p<\/p>\n<\/div>\n\n\n\n<div class=\"wp-block-column is-layout-flow wp-block-column-is-layout-flow\"><div class=\"wp-block-image\">\n<figure class=\"alignright size-full\"><img loading=\"lazy\" decoding=\"async\" width=\"176\" height=\"54\" src=\"https:\/\/ausun.vn\/wp-content\/uploads\/2025\/02\/41af95f9ee99b64f99bcebc0edc9e484.png\" alt=\"\" class=\"wp-image-354\"\/><\/figure><\/div><\/div>\n<\/div>\n\n\n\n<div style=\"height:27px;;margin:auto;border-top:1px solid #fff\" aria-hidden=\"true\" class=\"wp-block-spacer container\"><\/div>\n\n\n\n<div class=\"wp-block-columns container is-layout-flex wp-container-core-columns-is-layout-6 wp-block-columns-is-layout-flex\">\n<div class=\"wp-block-column is-layout-flow wp-block-column-is-layout-flow\" style=\"flex-basis:40%\">\n<p class=\"has-text-align-left has-white-color has-text-color\" style=\"font-size:14px\">Copyright \u00a9 2021 Ausun Holding. All Rights Reserved.<\/p>\n<\/div>\n\n\n\n<div class=\"wp-block-column is-layout-flow wp-block-column-is-layout-flow\" style=\"flex-basis:60%\">\n<div class=\"wp-block-columns is-layout-flex wp-container-core-columns-is-layout-5 wp-block-columns-is-layout-flex\">\n<div class=\"wp-block-column is-layout-flow wp-block-column-is-layout-flow\" style=\"flex-basis:66.66%\">\n<div class=\"wp-block-columns is-layout-flex wp-container-core-columns-is-layout-3 wp-block-columns-is-layout-flex\">\n<div class=\"wp-block-column is-vertically-aligned-center is-layout-flow wp-block-column-is-layout-flow\">\n<p class=\"has-white-color has-text-color has-link-color wp-elements-4ae5cf88b9335d982d6a3497ee5538ca\" style=\"font-size:12px\">\u0110i\u1ec1u kho\u1ea3n d\u1ecbch v\u1ee5<\/p>\n<\/div>\n\n\n\n<div class=\"wp-block-column is-vertically-aligned-center is-layout-flow wp-block-column-is-layout-flow\">\n<p class=\"has-white-color has-text-color has-link-color wp-elements-8d4272329a46620cb413653ae0a51896\" style=\"font-size:12px\">Ch\u00ednh s\u00e1ch b\u1ea3o m\u1eadt<\/p>\n<\/div>\n\n\n\n<div class=\"wp-block-column is-vertically-aligned-center is-layout-flow wp-block-column-is-layout-flow\">\n<p class=\"has-white-color has-text-color has-link-color wp-elements-c6ed88f050c77927e0c3445a04968e8c\" style=\"font-size:12px\">Google Data Studio<\/p>\n<\/div>\n<\/div>\n<\/div>\n\n\n\n<div class=\"wp-block-column is-layout-flow wp-block-column-is-layout-flow\" style=\"flex-basis:25%\">\n<div class=\"wp-block-columns is-layout-flex wp-container-core-columns-is-layout-4 wp-block-columns-is-layout-flex\">\n<div class=\"wp-block-column is-vertically-aligned-top is-layout-flow wp-block-column-is-layout-flow\"><div class=\"wp-block-image\">\n<figure class=\"aligncenter size-full\"><img loading=\"lazy\" decoding=\"async\" width=\"35\" height=\"36\" src=\"https:\/\/ausun.vn\/wp-content\/uploads\/2025\/02\/linkin.png\" alt=\"\" class=\"wp-image-1334\"\/><\/figure><\/div><\/div>\n\n\n\n<div class=\"wp-block-column is-vertically-aligned-top is-layout-flow wp-block-column-is-layout-flow\"><div class=\"wp-block-image\">\n<figure class=\"aligncenter size-full\"><img loading=\"lazy\" decoding=\"async\" width=\"35\" height=\"36\" src=\"https:\/\/ausun.vn\/wp-content\/uploads\/2025\/02\/fb.png\" alt=\"\" class=\"wp-image-1333\"\/><\/figure><\/div><\/div>\n\n\n\n<div class=\"wp-block-column is-vertically-aligned-top is-layout-flow wp-block-column-is-layout-flow\"><div class=\"wp-block-image\">\n<figure class=\"aligncenter size-full\"><img loading=\"lazy\" decoding=\"async\" width=\"35\" height=\"36\" src=\"https:\/\/ausun.vn\/wp-content\/uploads\/2025\/02\/youtube.png\" alt=\"\" class=\"wp-image-1336\"\/><\/figure><\/div><\/div>\n\n\n\n<div class=\"wp-block-column is-vertically-aligned-top is-layout-flow wp-block-column-is-layout-flow\"><div class=\"wp-block-image\">\n<figure class=\"aligncenter size-full\"><img loading=\"lazy\" decoding=\"async\" width=\"35\" height=\"36\" src=\"https:\/\/ausun.vn\/wp-content\/uploads\/2025\/02\/tiktok.png\" alt=\"\" class=\"wp-image-1335\"\/><\/figure><\/div><\/div>\n<\/div>\n<\/div>\n<\/div>\n<\/div>\n<\/div>\n<\/div>\n<\/div>\n","protected":false},"excerpt":{"rendered":"<p>D\u1ef0 \u00c1N C\u1ee6A CH\u00daNG T\u00d4I C\u00f4ng ty TNHH Ausun Holding \u0110\u0103ng k\u00fd ngay! \u0110\u1ec3 l\u1ea1i Email \u0111\u1ec3 nh\u1eadn th\u00f4ng tin m\u1edbi nh\u1ea5t t\u1eeb Ausun Holding Li\u00ean h\u1ec7 V\u0103n Ph\u00f2ng: 15 P. H\u00e0 K\u1ebf T\u1ea5n, Ph\u01b0\u01a1ng Li\u1ec7t, Thanh Xu\u00e2n, H\u00e0 N\u1ed9i Tr\u1ee5 s\u1edf: 43\/67 Ch\u00f9a B\u1ed9c, Kh\u01b0\u01a1ng Th\u01b0\u1ee3ng, \u0110\u1ed1ng \u0110a, H\u00e0 [&hellip;]<\/p>\n","protected":false},"author":1,"featured_media":0,"parent":0,"menu_order":0,"comment_status":"closed","ping_status":"closed","template":"","meta":{"footnotes":""},"class_list":["post-387","page","type-page","status-publish","hentry"],"_links":{"self":[{"href":"https:\/\/ausun.vn\/index.php?rest_route=\/wp\/v2\/pages\/387","targetHints":{"allow":["GET"]}}],"collection":[{"href":"https:\/\/ausun.vn\/index.php?rest_route=\/wp\/v2\/pages"}],"about":[{"href":"https:\/\/ausun.vn\/index.php?rest_route=\/wp\/v2\/types\/page"}],"author":[{"embeddable":true,"href":"https:\/\/ausun.vn\/index.php?rest_route=\/wp\/v2\/users\/1"}],"replies":[{"embeddable":true,"href":"https:\/\/ausun.vn\/index.php?rest_route=%2Fwp%2Fv2%2Fcomments&post=387"}],"version-history":[{"count":6,"href":"https:\/\/ausun.vn\/index.php?rest_route=\/wp\/v2\/pages\/387\/revisions"}],"predecessor-version":[{"id":3166,"href":"https:\/\/ausun.vn\/index.php?rest_route=\/wp\/v2\/pages\/387\/revisions\/3166"}],"wp:attachment":[{"href":"https:\/\/ausun.vn\/index.php?rest_route=%2Fwp%2Fv2%2Fmedia&parent=387"}],"curies":[{"name":"wp","href":"https:\/\/api.w.org\/{rel}","templated":true}]}}