{"id":47,"date":"2024-08-14T08:36:05","date_gmt":"2024-08-14T08:36:05","guid":{"rendered":"https:\/\/ausun.vn\/?page_id=47"},"modified":"2025-05-27T17:13:10","modified_gmt":"2025-05-27T10:13:10","slug":"thu-vien","status":"publish","type":"page","link":"https:\/\/ausun.vn\/?page_id=47","title":{"rendered":"TH\u01af VI\u1ec6N"},"content":{"rendered":"\n<div class=\"wp-block-columns alignwide is-layout-flex wp-container-core-columns-is-layout-1 wp-block-columns-is-layout-flex\">\n<div class=\"wp-block-column is-vertically-aligned-top container-class is-layout-flow wp-block-column-is-layout-flow\">\n<h5 class=\"wp-block-heading has-text-align-left border-bottom has-black-color has-text-color\" style=\"font-size:26px\">TIN T\u1ee8C<\/h5>\n\n\n\n<p class=\"has-text-align-left has-black-color has-text-color\" style=\"font-size:16px\">C\u00e1c th\u00f4ng tin tin t\u1ee9c m\u1edbi v\u1ec1 th\u1ecb tr\u01b0\u1eddng, xu h\u01b0\u1edbng kinh t\u1ebf, xu h\u01b0\u1edbng c\u00f4ng ngh\u1ec7, chuy\u1ec3n \u0111\u1ed5i s\u1ed1 doanh nghi\u1ec7p.<\/p>\n\n\n\n<div style=\"height:25px\" aria-hidden=\"true\" class=\"wp-block-spacer\"><\/div>\n<\/div>\n\n\n\n<div class=\"wp-block-column is-vertically-aligned-center container-class is-layout-flow wp-block-column-is-layout-flow\">\n<div style=\"height:25px\" aria-hidden=\"true\" class=\"wp-block-spacer\"><\/div>\n\n\n\n<figure class=\"wp-block-image size-large img-1-tin-tuc\"><img decoding=\"async\" src=\"https:\/\/ausun.vn\/wp-content\/uploads\/2025\/03\/Ausun-He-sinh-thai-1024x683.jpg\" alt=\"\" class=\"wp-image-3127\"\/><\/figure>\n<\/div>\n<\/div>\n\n\n\n<div style=\"height:23px\" aria-hidden=\"true\" class=\"wp-block-spacer\"><\/div>\n\n\n\n<div style=\"height:23px\" aria-hidden=\"true\" class=\"wp-block-spacer\"><\/div>\n\n\n\n<div class=\"wp-block-columns alignwide is-layout-flex wp-container-core-columns-is-layout-6 wp-block-columns-is-layout-flex\">\n<div class=\"wp-block-column is-layout-flow wp-block-column-is-layout-flow\" style=\"flex-basis:70%\">\n<h5 class=\"wp-block-heading border-bottom has-black-color has-text-color has-link-color wp-elements-11696995e0a57171824ff7d67a3b02d1\" style=\"font-size:22px\">TIN T\u1ee8C T\u1ed4NG H\u1ee2P<\/h5>\n\n\n\n<div class=\"wp-block-columns tin-tuc-tong-hop is-layout-flex wp-container-core-columns-is-layout-2 wp-block-columns-is-layout-flex\">\n<div class=\"wp-block-column is-layout-flow wp-block-column-is-layout-flow\">\n<div class=\"wp-block-group\"><div class=\"wp-block-group__inner-container is-layout-constrained wp-block-group-is-layout-constrained\"><ul style=\"font-size:14px;\" class=\"wp-block-latest-posts__list is-grid columns-2 has-dates has-author has-link-color wp-elements-54bb1eff301b710b829b9a774a787e9e wp-block-latest-posts has-text-color has-black-color\"><li><a class=\"wp-block-latest-posts__post-title\" href=\"https:\/\/ausun.vn\/?p=3215\">Gamification l\u00e0 g\u00ec? T\u00ecm hi\u1ec3u t\u1ea5t t\u1ea7n t\u1eadt v\u1ec1 xu h\u01b0\u1edbng game h\u00f3a trong l\u0129nh v\u1ef1c Marketing<\/a><div class=\"wp-block-latest-posts__post-author\">b\u1edfi admin<\/div><time datetime=\"2025-05-19T18:27:23+07:00\" class=\"wp-block-latest-posts__post-date\">19 Th\u00e1ng 5, 2025<\/time><div class=\"wp-block-latest-posts__post-excerpt\">Gamification l\u00e0 g\u00ec? \u0110\u00e2y l\u00e0 thu\u1eadt ng\u1eef \u0111\u1ec3 ch\u1ec9 xu h\u01b0\u1edbng qu\u1ea3n l\u00fd m\u1edbi \u0111\u01b0\u1ee3c xu\u1ea5t hi\u1ec7n r\u1ea5t nhi\u1ec1u d\u1ea1o g\u1ea7n \u0111\u00e2y. Theo \u0111\u00f3, c\u00e1c doanh nghi\u1ec7p n\u00e0y s\u1ebd \u1ee9ng d\u1ee5ng game h\u00f3a v\u00e0o c\u00e1c trang web tr\u1ef1c tuy\u1ebfn \u0111\u1ec3 thu h\u00fat ng\u01b0\u1eddi tham gia. N\u00f3 \u0111\u01b0\u1ee3c \u1ee9ng d\u1ee5ng r\u1ed9ng\u2026 <a class=\"wp-block-latest-posts__read-more\" href=\"https:\/\/ausun.vn\/?p=3215\" rel=\"noopener noreferrer\">\u0110\u1ecdc th\u00eam<span class=\"screen-reader-text\">: Gamification l\u00e0 g\u00ec? T\u00ecm hi\u1ec3u t\u1ea5t t\u1ea7n t\u1eadt v\u1ec1 xu h\u01b0\u1edbng game h\u00f3a trong l\u0129nh v\u1ef1c Marketing <\/span><\/a><\/div><\/li>\n<li><a class=\"wp-block-latest-posts__post-title\" href=\"https:\/\/ausun.vn\/?p=3185\">Introducing APQC\u2019s Process Classification Framework<\/a><div class=\"wp-block-latest-posts__post-author\">b\u1edfi admin<\/div><time datetime=\"2025-03-13T01:07:09+07:00\" class=\"wp-block-latest-posts__post-date\">13 Th\u00e1ng 3, 2025<\/time><div class=\"wp-block-latest-posts__post-excerpt\">Who are APQC? The APQC have been around for nearly 50 years (approx. 45 years). APQC was founded in 1977 as the American Productivity Centre (APC) to improve productivity in the US. Over time, its name was changed to the American Productivity &amp; Quality Center and then simply APQC. While\u2026 <a class=\"wp-block-latest-posts__read-more\" href=\"https:\/\/ausun.vn\/?p=3185\" rel=\"noopener noreferrer\">\u0110\u1ecdc th\u00eam<span class=\"screen-reader-text\">: Introducing APQC\u2019s Process Classification Framework <\/span><\/a><\/div><\/li>\n<li><a class=\"wp-block-latest-posts__post-title\" href=\"https:\/\/ausun.vn\/?p=3176\">H\u1ec7 th\u1ed1ng danh m\u1ee5c t\u00e0i kho\u1ea3n k\u1ebf to\u00e1n theo Th\u00f4ng t\u01b0 200\/2014\/TT-BTC ban h\u00e0nh ng\u00e0y 22\/12\/2014 c\u1ee7a BTC<\/a><div class=\"wp-block-latest-posts__post-author\">b\u1edfi admin<\/div><time datetime=\"2025-03-12T21:31:49+07:00\" class=\"wp-block-latest-posts__post-date\">12 Th\u00e1ng 3, 2025<\/time><div class=\"wp-block-latest-posts__post-excerpt\">H\u1ec7 th\u1ed1ng t\u00e0i kho\u1ea3n k\u1ebf to\u00e1n&nbsp;\u0111\u01b0\u1ee3c s\u1eed d\u1ee5ng trong ph\u00e2n lo\u1ea1i v\u00e0 h\u1ec7 th\u1ed1ng ho\u00e1 c\u00e1c nghi\u1ec7p v\u1ee5 k\u1ebf to\u00e1n, t\u00e0i ch\u00ednh theo t\u1eebng n\u1ed9i dung kinh t\u1ebf. V\u1eady c\u00f3 nh\u1eefng lo\u1ea1i h\u1ec7 th\u1ed1ng t\u00e0i kho\u1ea3n k\u1ebf to\u00e1n n\u00e0o? Doanh nghi\u1ec7p \u00e1p d\u1ee5ng ch\u1ebf \u0111\u1ed9 n\u00e0o? Xem ngay b\u00e0i vi\u1ebft\u2026 <a class=\"wp-block-latest-posts__read-more\" href=\"https:\/\/ausun.vn\/?p=3176\" rel=\"noopener noreferrer\">\u0110\u1ecdc th\u00eam<span class=\"screen-reader-text\">: H\u1ec7 th\u1ed1ng danh m\u1ee5c t\u00e0i kho\u1ea3n k\u1ebf to\u00e1n theo Th\u00f4ng t\u01b0 200\/2014\/TT-BTC ban h\u00e0nh ng\u00e0y 22\/12\/2014 c\u1ee7a BTC <\/span><\/a><\/div><\/li>\n<li><div class=\"wp-block-latest-posts__featured-image aligncenter\"><a href=\"https:\/\/ausun.vn\/?p=21\" aria-label=\"BSC l\u00e0 g\u00ec? \u00c1p d\u1ee5ng Balanced Scorecard nh\u01b0 th\u1ebf n\u00e0o \u0111\u1ec3 mang l\u1ea1i l\u1ee3i \u00edch cho doanh nghi\u1ec7p?\"><img loading=\"lazy\" decoding=\"async\" width=\"750\" height=\"499\" src=\"https:\/\/ausun.vn\/wp-content\/uploads\/2024\/08\/card-blog4.jpg\" class=\"attachment-large size-large wp-post-image\" alt=\"\" style=\"\" srcset=\"https:\/\/ausun.vn\/wp-content\/uploads\/2024\/08\/card-blog4.jpg 752w, https:\/\/ausun.vn\/wp-content\/uploads\/2024\/08\/card-blog4-300x199.jpg 300w, https:\/\/ausun.vn\/wp-content\/uploads\/2024\/08\/card-blog4-360x240.jpg 360w\" sizes=\"auto, (max-width: 750px) 100vw, 750px\" \/><\/a><\/div><a class=\"wp-block-latest-posts__post-title\" href=\"https:\/\/ausun.vn\/?p=21\">BSC l\u00e0 g\u00ec? \u00c1p d\u1ee5ng Balanced Scorecard nh\u01b0 th\u1ebf n\u00e0o \u0111\u1ec3 mang l\u1ea1i l\u1ee3i \u00edch cho doanh nghi\u1ec7p?<\/a><div class=\"wp-block-latest-posts__post-author\">b\u1edfi admin<\/div><time datetime=\"2024-08-14T08:14:10+07:00\" class=\"wp-block-latest-posts__post-date\">14 Th\u00e1ng 8, 2024<\/time><div class=\"wp-block-latest-posts__post-excerpt\">V\u00e0o \u0111\u1ea7u th\u1eadp ni\u00ean 1990, hai Gi\u00e1o s\u01b0 Ti\u1ebfn s\u0129 Kaplan &amp; Norton c\u1ee7a tr\u01b0\u1eddng \u0110\u1ea1i h\u1ecdc Harvard \u0111\u00e3 nh\u1eadn th\u1ea5y m\u1ed9t v\u1ea5n \u0111\u1ec1 kh\u00e1 nghi\u00eam tr\u1ecdng, \u0111\u00f3 l\u00e0 r\u1ea5t nhi\u1ec1u c\u00f4ng ty c\u00f3 khuynh h\u01b0\u1edbng qu\u1ea3n l\u00fd doanh nghi\u1ec7p ch\u1ec9 d\u1ef1a \u0111\u01a1n thu\u1ea7n v\u00e0o ch\u1ec9 s\u1ed1 t\u00e0i ch\u00ednh. Ch\u1ec9\u2026 <a class=\"wp-block-latest-posts__read-more\" href=\"https:\/\/ausun.vn\/?p=21\" rel=\"noopener noreferrer\">\u0110\u1ecdc th\u00eam<span class=\"screen-reader-text\">: BSC l\u00e0 g\u00ec? \u00c1p d\u1ee5ng Balanced Scorecard nh\u01b0 th\u1ebf n\u00e0o \u0111\u1ec3 mang l\u1ea1i l\u1ee3i \u00edch cho doanh nghi\u1ec7p? <\/span><\/a><\/div><\/li>\n<li><a class=\"wp-block-latest-posts__post-title\" href=\"https:\/\/ausun.vn\/?p=1\">Chuy\u1ec3n \u0111\u1ed5i s\u1ed1 l\u00e0 g\u00ec? T\u1ea7m quan tr\u1ecdng c\u1ee7a chuy\u1ec3n \u0111\u1ed5i s\u1ed1<\/a><div class=\"wp-block-latest-posts__post-author\">b\u1edfi admin<\/div><time datetime=\"2021-06-16T07:30:00+07:00\" class=\"wp-block-latest-posts__post-date\">16 Th\u00e1ng 6, 2021<\/time><div class=\"wp-block-latest-posts__post-excerpt\">Chuy\u1ec3n \u0111\u1ed5i s\u1ed1 kh\u00f4ng ch\u1ec9 l\u00e0 vi\u1ec7c \u00e1p d\u1ee5ng c\u00f4ng ngh\u1ec7, m\u00e0 c\u00f2n l\u00e0 qu\u00e1 tr\u00ecnh thay \u0111\u1ed5i c\u00e1ch th\u1ee9c l\u00e0m vi\u1ec7c, t\u01b0 duy v\u00e0 v\u0103n h\u00f3a t\u1ed5 ch\u1ee9c. \u0110\u00e2y l\u00e0 m\u1ed9t xu h\u01b0\u1edbng kh\u00f4ng th\u1ec3 ph\u1ee7 nh\u1eadn trong h\u1ea7u h\u1ebft c\u00e1c l\u0129nh v\u1ef1c kinh doanh hi\u1ec7n nay. H\u00e3y c\u00f9ng\u2026 <a class=\"wp-block-latest-posts__read-more\" href=\"https:\/\/ausun.vn\/?p=1\" rel=\"noopener noreferrer\">\u0110\u1ecdc th\u00eam<span class=\"screen-reader-text\">: Chuy\u1ec3n \u0111\u1ed5i s\u1ed1 l\u00e0 g\u00ec? T\u1ea7m quan tr\u1ecdng c\u1ee7a chuy\u1ec3n \u0111\u1ed5i s\u1ed1 <\/span><\/a><\/div><\/li>\n<\/ul><\/div><\/div>\n<\/div>\n<\/div>\n<\/div>\n\n\n\n<div class=\"wp-block-column container is-layout-flow wp-block-column-is-layout-flow\" style=\"flex-basis:40%\">\n<div class=\"wp-block-query is-layout-flow wp-block-query-is-layout-flow\">\n<div class=\"wp-block-group\"><div class=\"wp-block-group__inner-container is-layout-constrained wp-block-group-is-layout-constrained\">\n<h5 class=\"wp-block-heading border-bottom has-black-color has-text-color has-link-color wp-elements-41bae787a2155d8032fae69dd0e3514c\" style=\"font-size:22px\">TIN T\u1ee8C N\u1ed4I B\u1eacT<\/h5>\n<\/div><\/div>\n\n\n\n<div class=\"wp-block-group\"><div class=\"wp-block-group__inner-container is-layout-constrained wp-block-group-is-layout-constrained\">\n<div data-wp-context=\"{}\" data-wp-interactive=\"core\/query\" data-wp-key=\"349\" data-wp-router-region=\"query-349\" class=\"wp-block-query is-layout-flow wp-block-query-is-layout-flow\"><ul style=\"font-size:12px;\" class=\"wp-block-post-template is-layout-flow wp-block-post-template-is-layout-flow\"><li data-wp-key=\"post-template-item-3185\" class=\"wp-block-post post-3185 post type-post status-publish format-standard hentry category-tin-tuc category-featured-new\">\n\n<div class=\"wp-block-columns are-vertically-aligned-top is-layout-flex wp-container-core-columns-is-layout-3 wp-block-columns-is-layout-flex\">\n<div class=\"wp-block-column is-vertically-aligned-top is-layout-flow wp-block-column-is-layout-flow\" style=\"flex-basis:25%\"><\/div>\n\n\n\n<div class=\"wp-block-column is-vertically-aligned-top is-layout-flow wp-block-column-is-layout-flow\" style=\"flex-basis:75%\"><h2 style=\"font-size:12px;\" class=\"has-link-color wp-elements-fc989913ecb40a80744559b716b39f16 wp-block-post-title has-text-color has-black-color\"><a href=\"https:\/\/ausun.vn\/?p=3185\" target=\"_self\" >Introducing APQC\u2019s Process Classification Framework<\/a><\/h2><\/div>\n<\/div>\n\n<\/li><li data-wp-key=\"post-template-item-3176\" class=\"wp-block-post post-3176 post type-post status-publish format-standard hentry category-featured-new\">\n\n<div class=\"wp-block-columns are-vertically-aligned-top is-layout-flex wp-container-core-columns-is-layout-4 wp-block-columns-is-layout-flex\">\n<div class=\"wp-block-column is-vertically-aligned-top is-layout-flow wp-block-column-is-layout-flow\" style=\"flex-basis:25%\"><\/div>\n\n\n\n<div class=\"wp-block-column is-vertically-aligned-top is-layout-flow wp-block-column-is-layout-flow\" style=\"flex-basis:75%\"><h2 style=\"font-size:12px;\" class=\"has-link-color wp-elements-fc989913ecb40a80744559b716b39f16 wp-block-post-title has-text-color has-black-color\"><a href=\"https:\/\/ausun.vn\/?p=3176\" target=\"_self\" >H\u1ec7 th\u1ed1ng danh m\u1ee5c t\u00e0i kho\u1ea3n k\u1ebf to\u00e1n theo Th\u00f4ng t\u01b0 200\/2014\/TT-BTC ban h\u00e0nh ng\u00e0y 22\/12\/2014 c\u1ee7a BTC<\/a><\/h2><\/div>\n<\/div>\n\n<\/li><li data-wp-key=\"post-template-item-21\" class=\"wp-block-post post-21 post type-post status-publish format-standard has-post-thumbnail hentry category-featured-new\">\n\n<div class=\"wp-block-columns are-vertically-aligned-top is-layout-flex wp-container-core-columns-is-layout-5 wp-block-columns-is-layout-flex\">\n<div class=\"wp-block-column is-vertically-aligned-top is-layout-flow wp-block-column-is-layout-flow\" style=\"flex-basis:25%\"><figure style=\"aspect-ratio:3\/2;width:100%;\" class=\"wp-block-post-featured-image wp-duotone-unset-3\"><a href=\"https:\/\/ausun.vn\/?p=21\" target=\"_self\"  ><img loading=\"lazy\" decoding=\"async\" width=\"752\" height=\"500\" src=\"https:\/\/ausun.vn\/wp-content\/uploads\/2024\/08\/card-blog4.jpg\" class=\"attachment-post-thumbnail size-post-thumbnail wp-post-image\" alt=\"BSC l\u00e0 g\u00ec? \u00c1p d\u1ee5ng Balanced Scorecard nh\u01b0 th\u1ebf n\u00e0o \u0111\u1ec3 mang l\u1ea1i l\u1ee3i \u00edch cho doanh nghi\u1ec7p?\" style=\"width:100%;height:100%;object-fit:cover;\" srcset=\"https:\/\/ausun.vn\/wp-content\/uploads\/2024\/08\/card-blog4.jpg 752w, https:\/\/ausun.vn\/wp-content\/uploads\/2024\/08\/card-blog4-300x199.jpg 300w, https:\/\/ausun.vn\/wp-content\/uploads\/2024\/08\/card-blog4-360x240.jpg 360w\" sizes=\"auto, (max-width: 752px) 100vw, 752px\" \/><\/a><\/figure><\/div>\n\n\n\n<div class=\"wp-block-column is-vertically-aligned-top is-layout-flow wp-block-column-is-layout-flow\" style=\"flex-basis:75%\"><h2 style=\"font-size:12px;\" class=\"has-link-color wp-elements-fc989913ecb40a80744559b716b39f16 wp-block-post-title has-text-color has-black-color\"><a href=\"https:\/\/ausun.vn\/?p=21\" target=\"_self\" >BSC l\u00e0 g\u00ec? \u00c1p d\u1ee5ng Balanced Scorecard nh\u01b0 th\u1ebf n\u00e0o \u0111\u1ec3 mang l\u1ea1i l\u1ee3i \u00edch cho doanh nghi\u1ec7p?<\/a><\/h2><\/div>\n<\/div>\n\n<\/li><\/ul><\/div>\n<\/div><\/div>\n<\/div>\n<\/div>\n<\/div>\n\n\n\n<div style=\"height:72px\" aria-hidden=\"true\" class=\"wp-block-spacer\"><\/div>\n\n\n\n<div class=\"wp-block-columns alignfull has-white-color has-black-background-color has-text-color has-background has-link-color wp-elements-5b75948174db56f6bb0f80256fd89717 is-layout-flex wp-container-core-columns-is-layout-13 wp-block-columns-is-layout-flex\">\n<div class=\"wp-block-column is-layout-flow wp-block-column-is-layout-flow\">\n<div class=\"wp-block-columns container is-layout-flex wp-container-core-columns-is-layout-7 wp-block-columns-is-layout-flex\">\n<div class=\"wp-block-column is-vertically-aligned-center is-layout-flow wp-block-column-is-layout-flow\" style=\"flex-basis:30%\">\n<figure class=\"wp-block-image size-full\"><img loading=\"lazy\" decoding=\"async\" width=\"180\" height=\"58\" src=\"https:\/\/uat.ausun.vn\/wp-content\/uploads\/2024\/08\/logo-footer.png\" alt=\"\" class=\"wp-image-63\"\/><\/figure>\n\n\n\n<p style=\"font-size:20px\"><strong>C\u00f4ng ty TNHH Ausun Holding<\/strong><\/p>\n<\/div>\n\n\n\n<div class=\"wp-block-column is-vertically-aligned-center is-layout-flow wp-block-column-is-layout-flow\" style=\"flex-basis:40%\">\n<p class=\"has-text-color has-link-color wp-elements-f4185653829d69af657a3d1bd3110975\" style=\"color:#ff9f09;font-size:25px\"><strong>\u0110\u0103ng k\u00fd ngay!<\/strong><\/p>\n\n\n\n<p class=\"has-white-color has-text-color has-link-color wp-elements-8cd6a96aece0b85445c61bf05aa3afde\" style=\"font-size:15px\">\u0110\u1ec3 l\u1ea1i Email \u0111\u1ec3 nh\u1eadn th\u00f4ng tin m\u1edbi nh\u1ea5t t\u1eeb Ausun Holding<\/p>\n<\/div>\n\n\n\n<div class=\"wp-block-column is-vertically-aligned-center is-layout-flow wp-block-column-is-layout-flow\" style=\"flex-basis:30%\">\n<div style=\"display: grid; grid-template-columns: 1fr 0.1fr; align-items: center; height: 100px; border: 1px solid black;\">\n    <div style=\"display: flex;align-items: center;border-radius: 24px;padding: 8px 12px;margin-top: 14px;margin-right: 8px;height: 50px;background: white;box-shadow: 0px 4px 6px rgba(0, 0, 0, 0.1);\">\n        <svg xmlns=\"http:\/\/www.w3.org\/2000\/svg\" width=\"20\" height=\"20\" viewBox=\"0 0 24 24\" fill=\"none\" stroke=\"gray\" stroke-width=\"2\" stroke-linecap=\"round\" stroke-linejoin=\"round\" style=\"margin-right: 8px;\">\n            <path d=\"M4 4h16c1.1 0 2 .9 2 2v12c0 1.1-.9 2-2 2H4c-1.1 0-2-.9-2-2V6c0-1.1.9-2 2-2z\"><\/path>\n            <polyline points=\"22,6 12,13 2,6\"><\/polyline>\n        <\/svg>\n        <input type=\"email\" placeholder=\"Email\" style=\"border: none; outline: none; font-size: 16px; background: transparent; width: 200px;padding-top:14px\">\n    <\/div>\n    <svg width=\"45\" height=\"45\" viewBox=\"0 0 40 40\" fill=\"none\" xmlns=\"http:\/\/www.w3.org\/2000\/svg\">\n<rect width=\"40\" height=\"40\" rx=\"20\" fill=\"#FF9F09\"\/>\n<path d=\"M27.5 20L28.2071 19.2929L28.9142 20L28.2071 20.7071L27.5 20ZM12.5 21C11.9477 21 11.5 20.5523 11.5 20C11.5 19.4477 11.9477 19 12.5 19V21ZM22.2071 13.2929L28.2071 19.2929L26.7929 20.7071L20.7929 14.7071L22.2071 13.2929ZM28.2071 20.7071L22.2071 26.7071L20.7929 25.2929L26.7929 19.2929L28.2071 20.7071ZM27.5 21H12.5V19H27.5V21Z\" fill=\"white\"\/>\n<\/svg>\n\n<\/div>\n<\/div>\n<\/div>\n\n\n\n<div style=\"height:27px;;margin:auto;border-top:1px solid #fff\" aria-hidden=\"true\" class=\"wp-block-spacer container\"><\/div>\n\n\n\n<div class=\"wp-block-columns container is-layout-flex wp-container-core-columns-is-layout-8 wp-block-columns-is-layout-flex\">\n<div class=\"wp-block-column is-layout-flow wp-block-column-is-layout-flow\" style=\"flex-basis:35%\">\n<p style=\"font-size:18px\"><strong>Li\u00ean h\u1ec7<\/strong><\/p>\n\n\n\n<p>\u0110\u1ecba ch\u1ec9: s\u1ed1 43\/67 Ch\u00f9a B\u1ed9c, Kh\u01b0\u01a1ng Th\u01b0\u1ee3ng, \u0110\u1ed1ng \u0110a, H\u00e0 N\u1ed9i<\/p>\n\n\n\n<p style=\"font-size:15px\"><strong>V\u0103n ph\u00f2ng: <\/strong>15 P. H\u00e0 K\u1ebf T\u1ea5n, Ph\u01b0\u01a1ng Li\u1ec7t, Thanh Xu\u00e2n, H\u00e0 N\u1ed9i, Vietnam<\/p>\n\n\n\n<p style=\"font-size:15px\"><strong>Email: <\/strong><a href=\"mailto:ausunholding@gmail.com\">ceo<\/a><a href=\"mailto:ausunholding@gmail.com\">@<\/a>ausun.vn<\/p>\n\n\n\n<p style=\"font-size:15px\"><strong>\u0110i\u1ec7n tho\u1ea1i: <\/strong>0917151357<\/p>\n\n\n\n<p style=\"font-size:15px\"><strong>M\u00e3 s\u1ed1 thu\u1ebf:<\/strong> 0109671895<\/p>\n<\/div>\n\n\n\n<div class=\"wp-block-column is-layout-flow wp-block-column-is-layout-flow\" style=\"flex-basis:20%\">\n<p style=\"font-size:18px\"><strong>Ausun Holding<\/strong><\/p>\n\n\n\n<p style=\"font-size:15px\">V\u1ec1 ch\u00fang t\u00f4i<\/p>\n\n\n\n<p style=\"font-size:15px\">\u0110\u1ed9i ng\u0169<\/p>\n\n\n\n<p style=\"font-size:15px\">\u0110\u1ed1i t\u00e1c<\/p>\n\n\n\n<p style=\"font-size:15px\">Tuy\u1ec3n d\u1ee5ng<\/p>\n\n\n\n<p style=\"font-size:15px\">Tin t\u1ee9c<\/p>\n<\/div>\n\n\n\n<div class=\"wp-block-column is-layout-flow wp-block-column-is-layout-flow\" style=\"flex-basis:20%\">\n<p style=\"font-size:18px\"><strong>H\u1ed7 tr\u1ee3<\/strong><\/p>\n\n\n\n<p style=\"font-size:15px\">Li\u00ean h\u1ec7<\/p>\n\n\n\n<p style=\"font-size:15px\">Gi\u00fap \u0111\u1ee1 v\u00e0 h\u1ed7 tr\u1ee3<\/p>\n\n\n\n<p style=\"font-size:15px\">D\u00e0nh cho \u0111\u1ed1i t\u00e1c<\/p>\n\n\n\n<p style=\"font-size:15px\">C\u00e1c c\u00e2u h\u1ecfi th\u01b0\u1eddng g\u1eb7p<\/p>\n<\/div>\n\n\n\n<div class=\"wp-block-column is-layout-flow wp-block-column-is-layout-flow\" style=\"flex-basis:15%\"><div class=\"wp-block-image\">\n<figure class=\"alignright size-full is-resized\"><img loading=\"lazy\" decoding=\"async\" width=\"176\" height=\"54\" src=\"https:\/\/uat.ausun.vn\/wp-content\/uploads\/2025\/02\/41af95f9ee99b64f99bcebc0edc9e484.png\" alt=\"\" class=\"wp-image-354\" style=\"width:141px;height:auto\"\/><\/figure><\/div><\/div>\n<\/div>\n\n\n\n<div style=\"height:27px;;margin:auto;border-top:1px solid #fff\" aria-hidden=\"true\" class=\"wp-block-spacer container\"><\/div>\n\n\n\n<div class=\"wp-block-columns container is-layout-flex wp-container-core-columns-is-layout-12 wp-block-columns-is-layout-flex\">\n<div class=\"wp-block-column is-layout-flow wp-block-column-is-layout-flow\" style=\"flex-basis:35%\">\n<p class=\"has-text-align-left has-white-color has-text-color\" style=\"font-size:14px\">Copyright \u00a9 2021 Ausun Holding. All Rights Reserved.<\/p>\n<\/div>\n\n\n\n<div class=\"wp-block-column is-layout-flow wp-block-column-is-layout-flow\" style=\"flex-basis:60%\">\n<div class=\"wp-block-columns is-layout-flex wp-container-core-columns-is-layout-11 wp-block-columns-is-layout-flex\">\n<div class=\"wp-block-column is-layout-flow wp-block-column-is-layout-flow\" style=\"flex-basis:66.66%\">\n<div class=\"wp-block-columns is-layout-flex wp-container-core-columns-is-layout-9 wp-block-columns-is-layout-flex\">\n<div class=\"wp-block-column is-vertically-aligned-center is-layout-flow wp-block-column-is-layout-flow\">\n<p class=\"has-white-color has-text-color has-link-color wp-elements-4ae5cf88b9335d982d6a3497ee5538ca\" style=\"font-size:12px\">\u0110i\u1ec1u kho\u1ea3n d\u1ecbch v\u1ee5<\/p>\n<\/div>\n\n\n\n<div class=\"wp-block-column is-vertically-aligned-center is-layout-flow wp-block-column-is-layout-flow\">\n<p class=\"has-white-color has-text-color has-link-color wp-elements-8d4272329a46620cb413653ae0a51896\" style=\"font-size:12px\">Ch\u00ednh s\u00e1ch b\u1ea3o m\u1eadt<\/p>\n<\/div>\n\n\n\n<div class=\"wp-block-column is-vertically-aligned-center is-layout-flow wp-block-column-is-layout-flow\">\n<p class=\"has-white-color has-text-color has-link-color wp-elements-c6ed88f050c77927e0c3445a04968e8c\" style=\"font-size:12px\">Google Data Studio<\/p>\n<\/div>\n<\/div>\n<\/div>\n\n\n\n<div class=\"wp-block-column is-layout-flow wp-block-column-is-layout-flow\" style=\"flex-basis:30%\">\n<div class=\"wp-block-columns container-icon-footer is-layout-flex wp-container-core-columns-is-layout-10 wp-block-columns-is-layout-flex\">\n<div class=\"wp-block-column container-img-footer is-layout-flow wp-block-column-is-layout-flow\">\n<div class=\"wp-block-group is-nowrap is-layout-flex wp-container-core-group-is-layout-4 wp-block-group-is-layout-flex\">\n<figure class=\"wp-block-image size-full is-resized\"><img loading=\"lazy\" decoding=\"async\" width=\"35\" height=\"36\" src=\"https:\/\/ausun.vn\/wp-content\/uploads\/2025\/02\/linkin.png\" alt=\"\" class=\"wp-image-1334\" style=\"width:30px\"\/><\/figure>\n\n\n\n<figure class=\"wp-block-image size-full is-resized\"><img loading=\"lazy\" decoding=\"async\" width=\"35\" height=\"36\" src=\"https:\/\/ausun.vn\/wp-content\/uploads\/2025\/02\/fb.png\" alt=\"\" class=\"wp-image-1333\" style=\"width:30px\"\/><\/figure>\n\n\n\n<figure class=\"wp-block-image size-full is-resized\"><img loading=\"lazy\" decoding=\"async\" width=\"35\" height=\"36\" src=\"https:\/\/ausun.vn\/wp-content\/uploads\/2025\/02\/youtube.png\" alt=\"\" class=\"wp-image-1336\" style=\"width:30px;height:auto\"\/><\/figure>\n\n\n\n<figure class=\"wp-block-image size-full is-resized\"><img loading=\"lazy\" decoding=\"async\" width=\"35\" height=\"36\" src=\"https:\/\/ausun.vn\/wp-content\/uploads\/2025\/02\/tiktok.png\" alt=\"\" class=\"wp-image-1335\" style=\"width:30px\"\/><\/figure>\n<\/div>\n<\/div>\n<\/div>\n<\/div>\n<\/div>\n<\/div>\n<\/div>\n<\/div>\n<\/div>\n","protected":false},"excerpt":{"rendered":"<p>TIN T\u1ee8C C\u00e1c th\u00f4ng tin tin t\u1ee9c m\u1edbi v\u1ec1 th\u1ecb tr\u01b0\u1eddng, xu h\u01b0\u1edbng kinh t\u1ebf, xu h\u01b0\u1edbng c\u00f4ng ngh\u1ec7, chuy\u1ec3n \u0111\u1ed5i s\u1ed1 doanh nghi\u1ec7p. TIN T\u1ee8C T\u1ed4NG H\u1ee2P<\/p>\n","protected":false},"author":1,"featured_media":0,"parent":0,"menu_order":0,"comment_status":"closed","ping_status":"closed","template":"","meta":{"footnotes":""},"class_list":["post-47","page","type-page","status-publish","hentry"],"_links":{"self":[{"href":"https:\/\/ausun.vn\/index.php?rest_route=\/wp\/v2\/pages\/47","targetHints":{"allow":["GET"]}}],"collection":[{"href":"https:\/\/ausun.vn\/index.php?rest_route=\/wp\/v2\/pages"}],"about":[{"href":"https:\/\/ausun.vn\/index.php?rest_route=\/wp\/v2\/types\/page"}],"author":[{"embeddable":true,"href":"https:\/\/ausun.vn\/index.php?rest_route=\/wp\/v2\/users\/1"}],"replies":[{"embeddable":true,"href":"https:\/\/ausun.vn\/index.php?rest_route=%2Fwp%2Fv2%2Fcomments&post=47"}],"version-history":[{"count":216,"href":"https:\/\/ausun.vn\/index.php?rest_route=\/wp\/v2\/pages\/47\/revisions"}],"predecessor-version":[{"id":3217,"href":"https:\/\/ausun.vn\/index.php?rest_route=\/wp\/v2\/pages\/47\/revisions\/3217"}],"wp:attachment":[{"href":"https:\/\/ausun.vn\/index.php?rest_route=%2Fwp%2Fv2%2Fmedia&parent=47"}],"curies":[{"name":"wp","href":"https:\/\/api.w.org\/{rel}","templated":true}]}}